{"id":27939,"date":"2026-01-06T13:59:55","date_gmt":"2026-01-06T13:59:55","guid":{"rendered":"https:\/\/wolkenbach.at\/?page_id=27939"},"modified":"2026-01-20T23:11:35","modified_gmt":"2026-01-20T22:11:35","slug":"disclaimer","status":"publish","type":"page","link":"https:\/\/wolkenbach.at\/en\/disclaimer\/","title":{"rendered":"Disclaimer"},"content":{"rendered":"<h3 class=\"wp-block-heading\">Haftungsausschluss<\/h3>\n\n\n\n<p><strong>1. Haftungsbeschr\u00e4nkung f\u00fcr eigene Inhalte<\/strong> Die Inhalte unserer Internetseiten wurden mit gr\u00f6\u00dfter Sorgfalt erstellt. F\u00fcr die Richtigkeit, Vollst\u00e4ndigkeit und Aktualit\u00e4t der Inhalte k\u00f6nnen wir jedoch keine Gew\u00e4hr \u00fcbernehmen. Als Diensteanbieter sind wir f\u00fcr eigene Inhalte auf diesen Seiten nach den allgemeinen Gesetzen verantwortlich.<\/p>\n\n\n\n<p><strong>2. Haftungsbeschr\u00e4nkung f\u00fcr externe Links<\/strong> Unser Angebot enth\u00e4lt Links zu externen Webseiten Dritter (z. B. Hostinger oder Partnerseiten), auf deren Inhalte wir keinen Einfluss haben. Deshalb k\u00f6nnen wir f\u00fcr diese fremden Inhalte auch keine Gew\u00e4hr \u00fcbernehmen. F\u00fcr die Inhalte der verlinkten Seiten ist stets der jeweilige Anbieter oder Betreiber der Seiten verantwortlich. Zum Zeitpunkt der Verlinkung wurden die Seiten auf m\u00f6gliche Rechtsverst\u00f6\u00dfe \u00fcberpr\u00fcft; rechtswidrige Inhalte waren nicht erkennbar.<\/p>\n\n\n\n<p><strong>3. Urheberrecht<\/strong> Die auf dieser Webseite ver\u00f6ffentlichten Inhalte und Werke (Texte, Bilder, Layout) unterliegen dem Urheberrecht. Jede Art der Vervielf\u00e4ltigung, Bearbeitung, Verbreitung und jede Art der Verwertung au\u00dferhalb der Grenzen des Urheberrechts bed\u00fcrfen der vorherigen schriftlichen Zustimmung des jeweiligen Rechteinhabers.<\/p>\n\n\n\n<p><\/p>","protected":false},"excerpt":{"rendered":"<p>Haftungsausschluss 1. Haftungsbeschr\u00e4nkung f\u00fcr eigene Inhalte Die Inhalte unserer Internetseiten wurden mit gr\u00f6\u00dfter Sorgfalt erstellt. F\u00fcr die Richtigkeit, Vollst\u00e4ndigkeit und Aktualit\u00e4t der Inhalte k\u00f6nnen wir jedoch keine Gew\u00e4hr \u00fcbernehmen. Als Diensteanbieter sind wir f\u00fcr eigene Inhalte auf diesen Seiten nach den allgemeinen Gesetzen verantwortlich. 2. Haftungsbeschr\u00e4nkung f\u00fcr externe Links Unser Angebot enth\u00e4lt Links zu externen [&hellip;]<\/p>\n","protected":false},"author":1,"featured_media":0,"parent":0,"menu_order":0,"comment_status":"closed","ping_status":"closed","template":"","meta":{"footnotes":""},"class_list":["post-27939","page","type-page","status-publish","hentry"],"_hostinger_reach_plugin_has_subscription_block":false,"_hostinger_reach_plugin_is_elementor":false,"_links":{"self":[{"href":"https:\/\/wolkenbach.at\/en\/wp-json\/wp\/v2\/pages\/27939","targetHints":{"allow":["GET"]}}],"collection":[{"href":"https:\/\/wolkenbach.at\/en\/wp-json\/wp\/v2\/pages"}],"about":[{"href":"https:\/\/wolkenbach.at\/en\/wp-json\/wp\/v2\/types\/page"}],"author":[{"embeddable":true,"href":"https:\/\/wolkenbach.at\/en\/wp-json\/wp\/v2\/users\/1"}],"replies":[{"embeddable":true,"href":"https:\/\/wolkenbach.at\/en\/wp-json\/wp\/v2\/comments?post=27939"}],"version-history":[{"count":2,"href":"https:\/\/wolkenbach.at\/en\/wp-json\/wp\/v2\/pages\/27939\/revisions"}],"predecessor-version":[{"id":28063,"href":"https:\/\/wolkenbach.at\/en\/wp-json\/wp\/v2\/pages\/27939\/revisions\/28063"}],"wp:attachment":[{"href":"https:\/\/wolkenbach.at\/en\/wp-json\/wp\/v2\/media?parent=27939"}],"curies":[{"name":"wp","href":"https:\/\/api.w.org\/{rel}","templated":true}]}}